{"id":157,"date":"2024-05-15T20:04:41","date_gmt":"2024-05-15T16:34:41","guid":{"rendered":"https:\/\/atlasrayn.com\/new\/?page_id=157"},"modified":"2024-10-06T15:21:03","modified_gmt":"2024-10-06T11:51:03","slug":"consultation-request","status":"publish","type":"page","link":"https:\/\/atlasrayn.com\/tu\/consultation-request\/","title":{"rendered":"Dan\u0131\u015fma talebi"},"content":{"rendered":"\t\t<div data-elementor-type=\"wp-page\" data-elementor-id=\"157\" class=\"elementor elementor-157\" data-elementor-post-type=\"page\">\n\t\t\t\t<div class=\"elementor-element elementor-element-6e9868b e-flex e-con-boxed e-con e-parent\" data-id=\"6e9868b\" data-element_type=\"container\" data-e-type=\"container\" data-settings=\"{&quot;background_background&quot;:&quot;classic&quot;}\">\n\t\t\t\t\t<div class=\"e-con-inner\">\n\t\t<div class=\"elementor-element elementor-element-b2ef215 e-con-full e-flex e-con e-child\" data-id=\"b2ef215\" data-element_type=\"container\" data-e-type=\"container\">\n\t\t\t\t<\/div>\n\t\t<div class=\"elementor-element elementor-element-41e0a05 e-con-full e-flex e-con e-child\" data-id=\"41e0a05\" data-element_type=\"container\" data-e-type=\"container\">\n\t\t\t\t<div class=\"elementor-element elementor-element-6e3dd88 elementor-widget elementor-widget-heading\" data-id=\"6e3dd88\" data-element_type=\"widget\" data-e-type=\"widget\" data-widget_type=\"heading.default\">\n\t\t\t\t<div class=\"elementor-widget-container\">\n\t\t\t\t\t<h2 class=\"elementor-heading-title elementor-size-default\">Dan\u0131\u015fma<br> rica etmek<\/h2>\t\t\t\t<\/div>\n\t\t\t\t<\/div>\n\t\t\t\t<\/div>\n\t\t\t\t\t<\/div>\n\t\t\t\t<\/div>\n\t\t<div class=\"elementor-element elementor-element-5050498 e-flex e-con-boxed e-con e-parent\" data-id=\"5050498\" data-element_type=\"container\" data-e-type=\"container\">\n\t\t\t\t\t<div class=\"e-con-inner\">\n\t\t\t\t<div class=\"elementor-element elementor-element-070c4b7 elementor-widget elementor-widget-text-editor\" data-id=\"070c4b7\" data-element_type=\"widget\" data-e-type=\"widget\" data-widget_type=\"text-editor.default\">\n\t\t\t\t<div class=\"elementor-widget-container\">\n\t\t\t\t\t\t\t\t\t<p>Bir da\u011f\u0131n zirvesi geni\u015f bir isti\u015fare ve tefekk\u00fcr gerektirir<\/p>\t\t\t\t\t\t\t\t<\/div>\n\t\t\t\t<\/div>\n\t\t\t\t<div class=\"elementor-element elementor-element-7f9d3e5 elementor-widget elementor-widget-text-editor\" data-id=\"7f9d3e5\" data-element_type=\"widget\" data-e-type=\"widget\" data-widget_type=\"text-editor.default\">\n\t\t\t\t<div class=\"elementor-widget-container\">\n\t\t\t\t\t\t\t\t\t<p>En iyi ve en faydal\u0131 kararlar\u0131 alman\u0131z i\u00e7in yan\u0131n\u0131zda olaca\u011f\u0131z.<\/p>\t\t\t\t\t\t\t\t<\/div>\n\t\t\t\t<\/div>\n\t\t\t\t<div class=\"elementor-element elementor-element-cdfe196 elementor-widget elementor-widget-text-editor\" data-id=\"cdfe196\" data-element_type=\"widget\" data-e-type=\"widget\" data-widget_type=\"text-editor.default\">\n\t\t\t\t<div class=\"elementor-widget-container\">\n\t\t\t\t\t\t\t\t\t<p>Atlas Tejarat Rayn&#8217;in tecr\u00fcbesiyle, m\u00fcmk\u00fcn olan en iyi sonu\u00e7lar\u0131 elde etmek i\u00e7in yurt i\u00e7i ve yurt d\u0131\u015f\u0131 t\u00fcm tedarik zinciri s\u00fcre\u00e7lerinizi etkin bir \u015fekilde y\u00f6netebilirsiniz.<\/p>\t\t\t\t\t\t\t\t<\/div>\n\t\t\t\t<\/div>\n\t\t\t\t\t<\/div>\n\t\t\t\t<\/div>\n\t\t<div class=\"elementor-element elementor-element-3907c2e e-flex e-con-boxed e-con e-parent\" data-id=\"3907c2e\" data-element_type=\"container\" data-e-type=\"container\">\n\t\t\t\t\t<div class=\"e-con-inner\">\n\t\t\t\t<div class=\"elementor-element elementor-element-f134f09 elementor-widget elementor-widget-form\" data-id=\"f134f09\" data-element_type=\"widget\" data-e-type=\"widget\" data-settings=\"{&quot;button_width&quot;:&quot;20&quot;,&quot;step_next_label&quot;:&quot;Next&quot;,&quot;step_previous_label&quot;:&quot;Previous&quot;,&quot;step_type&quot;:&quot;number_text&quot;,&quot;step_icon_shape&quot;:&quot;circle&quot;}\" data-widget_type=\"form.default\">\n\t\t\t\t<div class=\"elementor-widget-container\">\n\t\t\t\t\t\t\t<form class=\"elementor-form\" method=\"post\" name=\"New Form\" aria-label=\"New Form\">\r\n\t\t\t<input type=\"hidden\" name=\"post_id\" value=\"157\"\/>\r\n\t\t\t<input type=\"hidden\" name=\"form_id\" value=\"f134f09\"\/>\r\n\t\t\t<input type=\"hidden\" name=\"referer_title\" value=\"Dan\u0131\u015fma talebi - Atlas Rayn\" \/>\r\n\r\n\t\t\t\t\t\t\t<input type=\"hidden\" name=\"queried_id\" value=\"157\"\/>\r\n\t\t\t\r\n\t\t\t<div class=\"elementor-form-fields-wrapper elementor-labels-above\">\r\n\t\t\t\t\t\t\t\t<div class=\"elementor-field-type-text elementor-field-group elementor-column elementor-field-group-name elementor-col-25\">\r\n\t\t\t\t\t\t\t\t\t\t\t\t<label for=\"form-field-name\" class=\"elementor-field-label\">\r\n\t\t\t\t\t\t\t\tAd ve soyad\u0131\t\t\t\t\t\t\t<\/label>\r\n\t\t\t\t\t\t\t\t\t\t\t\t\t\t<input size=\"1\" type=\"text\" name=\"form_fields[name]\" id=\"form-field-name\" class=\"elementor-field elementor-size-sm  elementor-field-textual\">\r\n\t\t\t\t\t\t\t\t\t\t\t<\/div>\r\n\t\t\t\t\t\t\t\t<div class=\"elementor-field-type-text elementor-field-group elementor-column elementor-field-group-field_081420a elementor-col-25\">\r\n\t\t\t\t\t\t\t\t\t\t\t\t<label for=\"form-field-field_081420a\" class=\"elementor-field-label\">\r\n\t\t\t\t\t\t\t\tAd ve soyad\u0131\t\t\t\t\t\t\t<\/label>\r\n\t\t\t\t\t\t\t\t\t\t\t\t\t\t<input size=\"1\" type=\"text\" name=\"form_fields[field_081420a]\" id=\"form-field-field_081420a\" class=\"elementor-field elementor-size-sm  elementor-field-textual\">\r\n\t\t\t\t\t\t\t\t\t\t\t<\/div>\r\n\t\t\t\t\t\t\t\t<div class=\"elementor-field-type-text elementor-field-group elementor-column elementor-field-group-field_e5eab26 elementor-col-25\">\r\n\t\t\t\t\t\t\t\t\t\t\t\t<label for=\"form-field-field_e5eab26\" class=\"elementor-field-label\">\r\n\t\t\t\t\t\t\t\tAd ve soyad\u0131\t\t\t\t\t\t\t<\/label>\r\n\t\t\t\t\t\t\t\t\t\t\t\t\t\t<input size=\"1\" type=\"text\" name=\"form_fields[field_e5eab26]\" id=\"form-field-field_e5eab26\" class=\"elementor-field elementor-size-sm  elementor-field-textual\">\r\n\t\t\t\t\t\t\t\t\t\t\t<\/div>\r\n\t\t\t\t\t\t\t\t<div class=\"elementor-field-type-text elementor-field-group elementor-column elementor-field-group-field_bbbbe3d elementor-col-25\">\r\n\t\t\t\t\t\t\t\t\t\t\t\t<label for=\"form-field-field_bbbbe3d\" class=\"elementor-field-label\">\r\n\t\t\t\t\t\t\t\tAd ve soyad\u0131\t\t\t\t\t\t\t<\/label>\r\n\t\t\t\t\t\t\t\t\t\t\t\t\t\t<input size=\"1\" type=\"text\" name=\"form_fields[field_bbbbe3d]\" id=\"form-field-field_bbbbe3d\" class=\"elementor-field elementor-size-sm  elementor-field-textual\">\r\n\t\t\t\t\t\t\t\t\t\t\t<\/div>\r\n\t\t\t\t\t\t\t\t<div class=\"elementor-field-type-text elementor-field-group elementor-column elementor-field-group-field_6bd8130 elementor-col-25\">\r\n\t\t\t\t\t\t\t\t\t\t\t\t<label for=\"form-field-field_6bd8130\" class=\"elementor-field-label\">\r\n\t\t\t\t\t\t\t\tAd ve soyad\u0131\t\t\t\t\t\t\t<\/label>\r\n\t\t\t\t\t\t\t\t\t\t\t\t\t\t<input size=\"1\" type=\"text\" name=\"form_fields[field_6bd8130]\" id=\"form-field-field_6bd8130\" class=\"elementor-field elementor-size-sm  elementor-field-textual\">\r\n\t\t\t\t\t\t\t\t\t\t\t<\/div>\r\n\t\t\t\t\t\t\t\t<div class=\"elementor-field-type-email elementor-field-group elementor-column elementor-field-group-email elementor-col-50\">\r\n\t\t\t\t\t\t\t\t\t\t\t\t<label for=\"form-field-email\" class=\"elementor-field-label\">\r\n\t\t\t\t\t\t\t\tE-posta\t\t\t\t\t\t\t<\/label>\r\n\t\t\t\t\t\t\t\t\t\t\t\t\t\t<input size=\"1\" type=\"email\" name=\"form_fields[email]\" id=\"form-field-email\" class=\"elementor-field elementor-size-sm  elementor-field-textual\">\r\n\t\t\t\t\t\t\t\t\t\t\t<\/div>\r\n\t\t\t\t\t\t\t\t<div class=\"elementor-field-type-number elementor-field-group elementor-column elementor-field-group-field_63bece8 elementor-col-25 elementor-field-required elementor-mark-required\">\r\n\t\t\t\t\t\t\t\t\t\t\t\t<label for=\"form-field-field_63bece8\" class=\"elementor-field-label\">\r\n\t\t\t\t\t\t\t\tTelefon\t\t\t\t\t\t\t<\/label>\r\n\t\t\t\t\t\t\t\t\t<input type=\"number\" name=\"form_fields[field_63bece8]\" id=\"form-field-field_63bece8\" class=\"elementor-field elementor-size-sm  elementor-field-textual\" required=\"required\" min=\"\" max=\"\" >\r\n\t\t\t\t\t\t<\/div>\r\n\t\t\t\t\t\t\t\t<div class=\"elementor-field-type-text elementor-field-group elementor-column elementor-field-group-field_99f30ce elementor-col-100\">\r\n\t\t\t\t\t\t\t\t\t\t\t\t<label for=\"form-field-field_99f30ce\" class=\"elementor-field-label\">\r\n\t\t\t\t\t\t\t\tDan\u0131\u015fma talebinin konusu\t\t\t\t\t\t\t<\/label>\r\n\t\t\t\t\t\t\t\t\t\t\t\t\t\t<input size=\"1\" type=\"text\" name=\"form_fields[field_99f30ce]\" id=\"form-field-field_99f30ce\" class=\"elementor-field elementor-size-sm  elementor-field-textual\">\r\n\t\t\t\t\t\t\t\t\t\t\t<\/div>\r\n\t\t\t\t\t\t\t\t<div class=\"elementor-field-group elementor-column elementor-field-type-submit elementor-col-20 e-form__buttons\">\r\n\t\t\t\t\t<button class=\"elementor-button elementor-size-sm\" type=\"submit\">\r\n\t\t\t\t\t\t<span class=\"elementor-button-content-wrapper\">\r\n\t\t\t\t\t\t\t\t\t\t\t\t\t\t\t\t\t\t\t\t\t\t<span class=\"elementor-button-text\">G\u00f6ndermek<\/span>\r\n\t\t\t\t\t\t\t\t\t\t\t\t\t<\/span>\r\n\t\t\t\t\t<\/button>\r\n\t\t\t\t<\/div>\r\n\t\t\t<\/div>\r\n\t\t<\/form>\r\n\t\t\t\t\t\t<\/div>\n\t\t\t\t<\/div>\n\t\t\t\t\t<\/div>\n\t\t\t\t<\/div>\n\t\t\t\t<\/div>\n\t\t","protected":false},"excerpt":{"rendered":"<p>Dan\u0131\u015fma rica etmek Bir da\u011f\u0131n zirvesi geni\u015f bir isti\u015fare ve tefekk\u00fcr gerektirir En iyi ve en faydal\u0131 kararlar\u0131 alman\u0131z i\u00e7in yan\u0131n\u0131zda olaca\u011f\u0131z. Atlas Tejarat Rayn&#8217;in tecr\u00fcbesiyle, m\u00fcmk\u00fcn olan en iyi sonu\u00e7lar\u0131 elde etmek i\u00e7in yurt i\u00e7i ve yurt d\u0131\u015f\u0131 t\u00fcm tedarik zinciri s\u00fcre\u00e7lerinizi etkin bir \u015fekilde y\u00f6netebilirsiniz.<\/p>\n","protected":false},"author":1,"featured_media":0,"parent":0,"menu_order":0,"comment_status":"closed","ping_status":"closed","template":"elementor_header_footer","meta":{"footnotes":""},"class_list":["post-157","page","type-page","status-publish","hentry"],"yoast_head":"<!-- This site is optimized with the Yoast SEO plugin v26.9 - https:\/\/yoast.com\/product\/yoast-seo-wordpress\/ -->\n<title>Dan\u0131\u015fma talebi - Atlas Rayn<\/title>\n<meta name=\"robots\" content=\"index, follow, max-snippet:-1, max-image-preview:large, max-video-preview:-1\" \/>\n<link rel=\"canonical\" href=\"https:\/\/atlasrayn.com\/tu\/consultation-request\/\" \/>\n<meta property=\"og:locale\" content=\"en_US\" \/>\n<meta property=\"og:type\" content=\"article\" \/>\n<meta property=\"og:title\" content=\"Dan\u0131\u015fma talebi - Atlas Rayn\" \/>\n<meta property=\"og:description\" content=\"Dan\u0131\u015fma rica etmek Bir da\u011f\u0131n zirvesi geni\u015f bir isti\u015fare ve tefekk\u00fcr gerektirir En iyi ve en faydal\u0131 kararlar\u0131 alman\u0131z i\u00e7in yan\u0131n\u0131zda olaca\u011f\u0131z. Atlas Tejarat Rayn&#8217;in tecr\u00fcbesiyle, m\u00fcmk\u00fcn olan en iyi sonu\u00e7lar\u0131 elde etmek i\u00e7in yurt i\u00e7i ve yurt d\u0131\u015f\u0131 t\u00fcm tedarik zinciri s\u00fcre\u00e7lerinizi etkin bir \u015fekilde y\u00f6netebilirsiniz.\" \/>\n<meta property=\"og:url\" content=\"https:\/\/atlasrayn.com\/tu\/consultation-request\/\" \/>\n<meta property=\"og:site_name\" content=\"Atlas Rayn\" \/>\n<meta property=\"article:modified_time\" content=\"2024-10-06T11:51:03+00:00\" \/>\n<meta name=\"twitter:card\" content=\"summary_large_image\" \/>\n<meta name=\"twitter:label1\" content=\"Est. reading time\" \/>\n\t<meta name=\"twitter:data1\" content=\"1 minute\" \/>\n<script type=\"application\/ld+json\" class=\"yoast-schema-graph\">{\"@context\":\"https:\/\/schema.org\",\"@graph\":[{\"@type\":\"WebPage\",\"@id\":\"https:\/\/atlasrayn.com\/tu\/consultation-request\/\",\"url\":\"https:\/\/atlasrayn.com\/tu\/consultation-request\/\",\"name\":\"Dan\u0131\u015fma talebi - Atlas Rayn\",\"isPartOf\":{\"@id\":\"https:\/\/atlasrayn.com\/tu\/#website\"},\"datePublished\":\"2024-05-15T16:34:41+00:00\",\"dateModified\":\"2024-10-06T11:51:03+00:00\",\"breadcrumb\":{\"@id\":\"https:\/\/atlasrayn.com\/tu\/consultation-request\/#breadcrumb\"},\"inLanguage\":\"en-US\",\"potentialAction\":[{\"@type\":\"ReadAction\",\"target\":[\"https:\/\/atlasrayn.com\/tu\/consultation-request\/\"]}]},{\"@type\":\"BreadcrumbList\",\"@id\":\"https:\/\/atlasrayn.com\/tu\/consultation-request\/#breadcrumb\",\"itemListElement\":[{\"@type\":\"ListItem\",\"position\":1,\"name\":\"Home\",\"item\":\"https:\/\/atlasrayn.com\/tu\/\"},{\"@type\":\"ListItem\",\"position\":2,\"name\":\"Dan\u0131\u015fma talebi\"}]},{\"@type\":\"WebSite\",\"@id\":\"https:\/\/atlasrayn.com\/tu\/#website\",\"url\":\"https:\/\/atlasrayn.com\/tu\/\",\"name\":\"Atlasrayn\",\"description\":\"Ana uzmanl\u0131k alan\u0131m\u0131z &quot;d\u00fcnyan\u0131n her yerinden mal ithal etmektir&quot;.\",\"publisher\":{\"@id\":\"https:\/\/atlasrayn.com\/tu\/#organization\"},\"potentialAction\":[{\"@type\":\"SearchAction\",\"target\":{\"@type\":\"EntryPoint\",\"urlTemplate\":\"https:\/\/atlasrayn.com\/tu\/?s={search_term_string}\"},\"query-input\":{\"@type\":\"PropertyValueSpecification\",\"valueRequired\":true,\"valueName\":\"search_term_string\"}}],\"inLanguage\":\"en-US\"},{\"@type\":\"Organization\",\"@id\":\"https:\/\/atlasrayn.com\/tu\/#organization\",\"name\":\"Atlasrayn\",\"url\":\"https:\/\/atlasrayn.com\/tu\/\",\"logo\":{\"@type\":\"ImageObject\",\"inLanguage\":\"en-US\",\"@id\":\"https:\/\/atlasrayn.com\/tu\/#\/schema\/logo\/image\/\",\"url\":\"https:\/\/atlasrayn.com\/tu\/wp-content\/uploads\/2024\/09\/fav-1.png\",\"contentUrl\":\"https:\/\/atlasrayn.com\/tu\/wp-content\/uploads\/2024\/09\/fav-1.png\",\"width\":593,\"height\":593,\"caption\":\"Atlasrayn\"},\"image\":{\"@id\":\"https:\/\/atlasrayn.com\/tu\/#\/schema\/logo\/image\/\"}}]}<\/script>\n<!-- \/ Yoast SEO plugin. -->","yoast_head_json":{"title":"Dan\u0131\u015fma talebi - Atlas Rayn","robots":{"index":"index","follow":"follow","max-snippet":"max-snippet:-1","max-image-preview":"max-image-preview:large","max-video-preview":"max-video-preview:-1"},"canonical":"https:\/\/atlasrayn.com\/tu\/consultation-request\/","og_locale":"en_US","og_type":"article","og_title":"Dan\u0131\u015fma talebi - Atlas Rayn","og_description":"Dan\u0131\u015fma rica etmek Bir da\u011f\u0131n zirvesi geni\u015f bir isti\u015fare ve tefekk\u00fcr gerektirir En iyi ve en faydal\u0131 kararlar\u0131 alman\u0131z i\u00e7in yan\u0131n\u0131zda olaca\u011f\u0131z. Atlas Tejarat Rayn&#8217;in tecr\u00fcbesiyle, m\u00fcmk\u00fcn olan en iyi sonu\u00e7lar\u0131 elde etmek i\u00e7in yurt i\u00e7i ve yurt d\u0131\u015f\u0131 t\u00fcm tedarik zinciri s\u00fcre\u00e7lerinizi etkin bir \u015fekilde y\u00f6netebilirsiniz.","og_url":"https:\/\/atlasrayn.com\/tu\/consultation-request\/","og_site_name":"Atlas Rayn","article_modified_time":"2024-10-06T11:51:03+00:00","twitter_card":"summary_large_image","twitter_misc":{"Est. reading time":"1 minute"},"schema":{"@context":"https:\/\/schema.org","@graph":[{"@type":"WebPage","@id":"https:\/\/atlasrayn.com\/tu\/consultation-request\/","url":"https:\/\/atlasrayn.com\/tu\/consultation-request\/","name":"Dan\u0131\u015fma talebi - Atlas Rayn","isPartOf":{"@id":"https:\/\/atlasrayn.com\/tu\/#website"},"datePublished":"2024-05-15T16:34:41+00:00","dateModified":"2024-10-06T11:51:03+00:00","breadcrumb":{"@id":"https:\/\/atlasrayn.com\/tu\/consultation-request\/#breadcrumb"},"inLanguage":"en-US","potentialAction":[{"@type":"ReadAction","target":["https:\/\/atlasrayn.com\/tu\/consultation-request\/"]}]},{"@type":"BreadcrumbList","@id":"https:\/\/atlasrayn.com\/tu\/consultation-request\/#breadcrumb","itemListElement":[{"@type":"ListItem","position":1,"name":"Home","item":"https:\/\/atlasrayn.com\/tu\/"},{"@type":"ListItem","position":2,"name":"Dan\u0131\u015fma talebi"}]},{"@type":"WebSite","@id":"https:\/\/atlasrayn.com\/tu\/#website","url":"https:\/\/atlasrayn.com\/tu\/","name":"Atlasrayn","description":"Ana uzmanl\u0131k alan\u0131m\u0131z &quot;d\u00fcnyan\u0131n her yerinden mal ithal etmektir&quot;.","publisher":{"@id":"https:\/\/atlasrayn.com\/tu\/#organization"},"potentialAction":[{"@type":"SearchAction","target":{"@type":"EntryPoint","urlTemplate":"https:\/\/atlasrayn.com\/tu\/?s={search_term_string}"},"query-input":{"@type":"PropertyValueSpecification","valueRequired":true,"valueName":"search_term_string"}}],"inLanguage":"en-US"},{"@type":"Organization","@id":"https:\/\/atlasrayn.com\/tu\/#organization","name":"Atlasrayn","url":"https:\/\/atlasrayn.com\/tu\/","logo":{"@type":"ImageObject","inLanguage":"en-US","@id":"https:\/\/atlasrayn.com\/tu\/#\/schema\/logo\/image\/","url":"https:\/\/atlasrayn.com\/tu\/wp-content\/uploads\/2024\/09\/fav-1.png","contentUrl":"https:\/\/atlasrayn.com\/tu\/wp-content\/uploads\/2024\/09\/fav-1.png","width":593,"height":593,"caption":"Atlasrayn"},"image":{"@id":"https:\/\/atlasrayn.com\/tu\/#\/schema\/logo\/image\/"}}]}},"_links":{"self":[{"href":"https:\/\/atlasrayn.com\/tu\/wp-json\/wp\/v2\/pages\/157","targetHints":{"allow":["GET"]}}],"collection":[{"href":"https:\/\/atlasrayn.com\/tu\/wp-json\/wp\/v2\/pages"}],"about":[{"href":"https:\/\/atlasrayn.com\/tu\/wp-json\/wp\/v2\/types\/page"}],"author":[{"embeddable":true,"href":"https:\/\/atlasrayn.com\/tu\/wp-json\/wp\/v2\/users\/1"}],"replies":[{"embeddable":true,"href":"https:\/\/atlasrayn.com\/tu\/wp-json\/wp\/v2\/comments?post=157"}],"version-history":[{"count":33,"href":"https:\/\/atlasrayn.com\/tu\/wp-json\/wp\/v2\/pages\/157\/revisions"}],"predecessor-version":[{"id":1056,"href":"https:\/\/atlasrayn.com\/tu\/wp-json\/wp\/v2\/pages\/157\/revisions\/1056"}],"wp:attachment":[{"href":"https:\/\/atlasrayn.com\/tu\/wp-json\/wp\/v2\/media?parent=157"}],"curies":[{"name":"wp","href":"https:\/\/api.w.org\/{rel}","templated":true}]}}